{"id":137,"date":"2019-04-30T14:12:26","date_gmt":"2019-04-30T14:12:26","guid":{"rendered":"http:\/\/srcalarasi.md\/?page_id=137"},"modified":"2026-02-02T20:56:33","modified_gmt":"2026-02-02T18:56:33","slug":"sectia-ingrijiri-cronice","status":"publish","type":"page","link":"http:\/\/srcalarasi.md\/?page_id=137","title":{"rendered":"Sec\u021bia reabilitare \u015fi \u00eengrijiri cronice"},"content":{"rendered":"<p>REABILITARE MEDICAL\u0102 \u0218I MEDICIN\u0102 FIZIC\u0102<\/p>\n<p>Serviciul de Reabilitare Medical\u0103 \u015fi Medicin\u0103 Fizic\u0103\u00a0 este\u00a0 parte component\u0103 a IMSP SR C\u0103l\u0103ra\u015fi \u015fi asigur\u0103 acordarea asisten\u0163ei de reabilitare medical\u0103 la\u00a0 nivel\u00a0 de asisten\u0163ei medicale de sta\u0163ionar \u015fi ambulator pentru popula\u0163ia raionului C\u0103l\u0103ra\u015fi de toate v\u00eerstele, cu disfunc\u0163ionalit\u0103\u0163i \u015fi dizabilit\u0103\u0163i \u00een urma bolilor acute, cronice \u015fi accidente.<\/p>\n<p>Scopul principal al Reabilit\u0103rii Medicale \u015fi Medicinii Fizice &#8211; \u00eembun\u0103t\u0103\u0163irea func\u0163ion\u0103rii fizice \u015fi mentale, precum \u015fi a capacit\u0103\u0163ii de participare activ\u0103 \u00een cadrul societ\u0103\u0163ii a persoanelor cu dizabilit\u0103\u0163i ca urmare a bolilor sau traumatismelor, prin folosirea unor mecanisme fiziologice, inclusiv \u015fi a preg\u0103tirii fizice \u015fi mentale.<\/p>\n<p>\u00ceNGRIGIRI CRONICE<\/p>\n<p>Scopul principal al sec\u021biei, \u00eel reprezint\u0103 acordarea asisten\u021bei medicale spitalice\u0219ti pacien\u021bilor cu afec\u021biuni cronice, paliative, \u0219i geriatric, oferindu-le \u00eengrijiri de calitate \u0219i suport continuu pentru \u00eembun\u0103t\u0103\u021birea st\u0103rii lor de s\u0103n\u0103tate.<\/p>\n<p>Pacien\u0163ii sec\u0163iei Boli cronice beneficiaz\u0103 de tratament medicamentos \u015fi non-farmacologic individualizat: psihoterapeutic, fizioterapeutic \u0219i kinetoterapeutic; acord\u00e2nd servicii medicale de \u00eengrijiri paliative, reabilitare medical \u0219i geriatrie.<\/p>\n<p>Sec\u021bia este desf\u0103\u015furat\u0103 pe 35 paturi, inclusiv- 25 reabilitare,\u00a0 geriatrice-5\u00a0 \u015fi\u00a0 paliative -5<\/p>\n<p>Pentru asigurarea asisten\u021bei medicale sec\u021bia dispune de s\u0103li de masaj \u0219i sala de kinetoterapie \u015fi proceduri fizioterapeutice. Echipa medical\u0103 a sec\u021biei este condus\u0103 de \u0219efa se\u021bie\u00a0<strong>Margareta Lungu, asistenta medical\u0103<\/strong> superioar\u0103\u00a0<strong>Ala Badia<\/strong>. Sec\u021bia Reabilitare medical\u0103 \u0219i medicin\u0103 fizic\u0103 este dotat\u0103 cu dispozitive medicale \u0219i personal medical specializat, inclusiv medici reabilitologi cu specializ\u0103ri \u00een kinetoterapie\/ fizioterapie, \u0219i\u00a0 asisten\u021bi medicali cu specializ\u0103ri \u00een masaj, kinetoterapie, fizioterapie, instrui\u021bi s\u0103 acorde recuperare medical\u0103 de \u00eenalt\u0103 calitate.<\/p>\n","protected":false},"excerpt":{"rendered":"<p>REABILITARE MEDICAL\u0102 \u0218I MEDICIN\u0102 FIZIC\u0102 Serviciul de Reabilitare Medical\u0103 \u015fi Medicin\u0103 Fizic\u0103\u00a0 este\u00a0 parte component\u0103 a IMSP SR C\u0103l\u0103ra\u015fi \u015fi asigur\u0103 acordarea asisten\u0163ei de reabilitare medical\u0103 la\u00a0 nivel\u00a0 de asisten\u0163ei medicale de sta\u0163ionar \u015fi ambulator pentru popula\u0163ia raionului C\u0103l\u0103ra\u015fi de toate v\u00eerstele, cu disfunc\u0163ionalit\u0103\u0163i \u015fi dizabilit\u0103\u0163i \u00een urma bolilor acute, cronice \u015fi accidente. Scopul principal [&hellip;]<\/p>\n","protected":false},"author":3,"featured_media":0,"parent":0,"menu_order":0,"comment_status":"closed","ping_status":"closed","template":"","meta":{"footnotes":""},"class_list":["post-137","page","type-page","status-publish","hentry"],"_links":{"self":[{"href":"http:\/\/srcalarasi.md\/index.php?rest_route=\/wp\/v2\/pages\/137","targetHints":{"allow":["GET"]}}],"collection":[{"href":"http:\/\/srcalarasi.md\/index.php?rest_route=\/wp\/v2\/pages"}],"about":[{"href":"http:\/\/srcalarasi.md\/index.php?rest_route=\/wp\/v2\/types\/page"}],"author":[{"embeddable":true,"href":"http:\/\/srcalarasi.md\/index.php?rest_route=\/wp\/v2\/users\/3"}],"replies":[{"embeddable":true,"href":"http:\/\/srcalarasi.md\/index.php?rest_route=%2Fwp%2Fv2%2Fcomments&post=137"}],"version-history":[{"count":5,"href":"http:\/\/srcalarasi.md\/index.php?rest_route=\/wp\/v2\/pages\/137\/revisions"}],"predecessor-version":[{"id":1107,"href":"http:\/\/srcalarasi.md\/index.php?rest_route=\/wp\/v2\/pages\/137\/revisions\/1107"}],"wp:attachment":[{"href":"http:\/\/srcalarasi.md\/index.php?rest_route=%2Fwp%2Fv2%2Fmedia&parent=137"}],"curies":[{"name":"wp","href":"https:\/\/api.w.org\/{rel}","templated":true}]}}