{"id":140,"date":"2019-05-02T08:25:52","date_gmt":"2019-05-02T08:25:52","guid":{"rendered":"http:\/\/srcalarasi.md\/?page_id=140"},"modified":"2026-01-27T13:50:00","modified_gmt":"2026-01-27T11:50:00","slug":"resurse-umane","status":"publish","type":"page","link":"http:\/\/srcalarasi.md\/?page_id=140","title":{"rendered":"Resurse umane"},"content":{"rendered":"<p>\u00cen IMSP Spitalul Raional C\u0103l\u0103ra\u015fi activeaz\u0103 47 medici, din ei \u00een Sec\u0163ia consultativ\u0103 \u2013 24 medici \u015fi 23 medici \u00een sta\u0163ionar.<\/p>\n<p>Nivelul de calificare profesional\u0103:<\/p>\n<p>31 medici de\u0163in categorie de calificare, inclusiv:<\/p>\n<ul>\n<li>Superioar\u0103 \u2013 20 medici;<\/li>\n<li>categoria I \u2013 3 medici;<\/li>\n<li>categoria II \u2013 8 medic;<\/li>\n<li>f\u0103r\u0103 categorie \u2013 16 medici.<\/li>\n<\/ul>\n<p>Activeaz\u0103 103 angaja\u0163i personal medical mediu,<\/p>\n<p>Nivelul de calificare profesional\u0103:<\/p>\n<p>85 asisten\u0163i medicali de\u0163in categorie de calificare, inclusiv:<\/p>\n<ul>\n<li>superioar\u0103 \u2013 62 asisten\u0163i;<\/li>\n<li>categoria I \u2013 12 asisten\u0163i;<\/li>\n<li>categoria II \u2013 11 asisten\u0163i;<\/li>\n<li>f\u0103r\u0103 categorie \u201318 asisten\u0163i.<\/li>\n<\/ul>\n","protected":false},"excerpt":{"rendered":"<p>\u00cen IMSP Spitalul Raional C\u0103l\u0103ra\u015fi activeaz\u0103 47 medici, din ei \u00een Sec\u0163ia consultativ\u0103 \u2013 24 medici \u015fi 23 medici \u00een sta\u0163ionar. Nivelul de calificare profesional\u0103: 31 medici de\u0163in categorie de calificare, inclusiv: Superioar\u0103 \u2013 20 medici; categoria I \u2013 3 medici; categoria II \u2013 8 medic; f\u0103r\u0103 categorie \u2013 16 medici. Activeaz\u0103 103 angaja\u0163i personal [&hellip;]<\/p>\n","protected":false},"author":3,"featured_media":0,"parent":0,"menu_order":0,"comment_status":"closed","ping_status":"closed","template":"","meta":{"footnotes":""},"class_list":["post-140","page","type-page","status-publish","hentry"],"_links":{"self":[{"href":"http:\/\/srcalarasi.md\/index.php?rest_route=\/wp\/v2\/pages\/140","targetHints":{"allow":["GET"]}}],"collection":[{"href":"http:\/\/srcalarasi.md\/index.php?rest_route=\/wp\/v2\/pages"}],"about":[{"href":"http:\/\/srcalarasi.md\/index.php?rest_route=\/wp\/v2\/types\/page"}],"author":[{"embeddable":true,"href":"http:\/\/srcalarasi.md\/index.php?rest_route=\/wp\/v2\/users\/3"}],"replies":[{"embeddable":true,"href":"http:\/\/srcalarasi.md\/index.php?rest_route=%2Fwp%2Fv2%2Fcomments&post=140"}],"version-history":[{"count":5,"href":"http:\/\/srcalarasi.md\/index.php?rest_route=\/wp\/v2\/pages\/140\/revisions"}],"predecessor-version":[{"id":1046,"href":"http:\/\/srcalarasi.md\/index.php?rest_route=\/wp\/v2\/pages\/140\/revisions\/1046"}],"wp:attachment":[{"href":"http:\/\/srcalarasi.md\/index.php?rest_route=%2Fwp%2Fv2%2Fmedia&parent=140"}],"curies":[{"name":"wp","href":"https:\/\/api.w.org\/{rel}","templated":true}]}}