{"id":21,"date":"2019-04-18T09:23:52","date_gmt":"2019-04-18T09:23:52","guid":{"rendered":"http:\/\/srcalarasi.md\/?page_id=21"},"modified":"2023-08-15T07:21:00","modified_gmt":"2023-08-15T05:21:00","slug":"rapoarte","status":"publish","type":"page","link":"http:\/\/srcalarasi.md\/?page_id=21","title":{"rendered":"Rapoarte"},"content":{"rendered":"\r\n<h2 class=\"wp-block-heading\">Economico &#8211; financiare<\/h2>\r\n<p><a href=\"http:\/\/srcalarasi.md\/wp-content\/uploads\/2023\/02\/DECLARATIA-DE-RASPUNDERE-MANAGERIALA-2022.pdf\" target=\"_blank\" rel=\"noopener\">Declara\u0163ia de r\u0103spundere managerial\u0103 2022<\/a><\/p>\r\n<p><a href=\"http:\/\/srcalarasi.md\/wp-content\/uploads\/2023\/02\/Raport-anual-privind-controlul-intern-anual-2022.pdf\" target=\"_blank\" rel=\"noopener\">Raport privind controlul intern anual 2022<\/a><\/p>\r\n<p><a href=\"http:\/\/srcalarasi.md\/wp-content\/uploads\/2022\/02\/Situatia-economico-financiara-IMSP-SR-Calarasi-01-ianuarie-2022.pdf\" target=\"_blank\" rel=\"noopener\">Situatia economico-financiara IMSP SR Calarasi 01 ianuarie 2022<\/a><\/p>\r\n<p><a href=\"http:\/\/srcalarasi.md\/wp-content\/uploads\/2022\/02\/Statele-de-personal-ale-01-ianuarie-2022.pdf\" target=\"_blank\" rel=\"noopener\">Statele de personal IMSP SR Calarasi si cheltuielile efective 01 ianuarie 2022<\/a><\/p>\r\n<p><a href=\"http:\/\/srcalarasi.md\/wp-content\/uploads\/2021\/11\/Situatia-economico-financiara-IMSP-SR-Calarasi-01-octombrie-2021.pdf\">Situatia economico-financiara IMSP SR Calarasi 01 octombrie 2021<\/a><\/p>\r\n<p><a href=\"http:\/\/srcalarasi.md\/wp-content\/uploads\/2021\/11\/Statele-de-personal-IMSP-SR-Calarasi-si-cheltuielile-efective-01-octombrie-2021.pdf\">Statele de personal IMSP SR Calarasi si cheltuielile efective 01 octombrie 2021<\/a><\/p>\r\n<p><a href=\"http:\/\/srcalarasi.md\/wp-content\/uploads\/2021\/08\/Situatia-economico-financiara-IMSP-SR-Calarasi-01-iulie-2021.pdf\">Situatia economico-financiara IMSP SR Calarasi 01 iulie 2021<\/a><\/p>\r\n<p><a href=\"http:\/\/srcalarasi.md\/wp-content\/uploads\/2021\/08\/Statele-de-personal-IMSP-SR-Calarasi-si-cheltuielile-efective-01-iulie-2021.pdf\">Statele de personal IMSP SR Calarasi si cheltuielile efective 01 iulie 2021<\/a><\/p>\r\n<p><a href=\"http:\/\/srcalarasi.md\/wp-content\/uploads\/2021\/02\/Situatia-economico-financiara-IMSP-SR-Calarasi-01012021.pdf\">Situatia economico-financiara IMSP SR Calarasi 01 ianuarie 2021<\/a><\/p>\r\n<p><a href=\"http:\/\/srcalarasi.md\/wp-content\/uploads\/2021\/02\/Statele-de-personal-IMSP-SR-Calarasi-si-cheltuielile-efective-01012021.pdf\">Statele de personal IMSP SR Calarasi si cheltuielile efective 01 ianuarie 2021<\/a><\/p>\r\n\r\n\r\n\r\n<div class=\"wp-block-file\"><a href=\"http:\/\/srcalarasi.md\/wp-content\/uploads\/2020\/07\/Situatia-economico-financiara-a-IMSP-SR-Calarasi-situatia-din-01-iulie-2020.pdf\">Situatia economico-financiara a IMSP SR Calarasi situatia din 01 iulie 2020<\/a><\/div>\r\n\r\n\r\n\r\n<div class=\"wp-block-file\"><a href=\"http:\/\/srcalarasi.md\/wp-content\/uploads\/2020\/07\/Statele-de-personal-ale-IMSP-SR-Calarasi-cheltuielile-efective-pentru-remunararea-muncii-la-01-iulie-2020.pdf\">Statele de personal ale IMSP SR Calarasi cheltuielile efective pentru remunararea muncii la 01 iulie 2020<\/a><\/div>\r\n\r\n\r\n\r\n<div class=\"wp-block-file\"><a href=\"http:\/\/srcalarasi.md\/wp-content\/uploads\/2020\/02\/Trimestrul-IV-2019-Situatie-economico-finaciara.pdf\">Trimestrul IV 2019 Situatie economico-finaciara<\/a> \r\n\r\n\r\n<div class=\"wp-block-file\"><a href=\"http:\/\/srcalarasi.md\/wp-content\/uploads\/2020\/02\/Trimestrul-IV-2019-State.pdf\">Trimestrul IV 2019 State<\/a> \r\n\r\n <br \/><a href=\"http:\/\/srcalarasi.md\/wp-content\/uploads\/2019\/05\/Tabele-pentru-Spitalele-Raionale-tr.I-2019.pdf\">Trimestrul I 2019<\/a> <br \/><a href=\"http:\/\/srcalarasi.md\/wp-content\/uploads\/2019\/05\/Tabele-pentru-Spitalele-Raionale-tr.I-2019-STATE.pdf\">Trimestrul I 2019 state<\/a><\/div>\r\n<div class=\"wp-block-file\"><a href=\"http:\/\/srcalarasi.md\/wp-content\/uploads\/2019\/05\/Tabele-pentru-Spitalele-Raionale-tr.IV-2018.pdf\">Trimestrul IV 2018<\/a> <br \/><a href=\"http:\/\/srcalarasi.md\/wp-content\/uploads\/2019\/05\/Tabele-pentru-Spitalele-Raionale-tr.IV-2018-STATE.pdf\">Trimestrul IV 2018 state<\/a> \r\n\r\n\r\n<p>&nbsp;<\/p>\r\n<\/div>\r\n<\/div>","protected":false},"excerpt":{"rendered":"<p>Economico &#8211; financiare Declara\u0163ia de r\u0103spundere managerial\u0103 2022 Raport privind controlul intern anual 2022 Situatia economico-financiara IMSP SR Calarasi 01 ianuarie 2022 Statele de personal IMSP SR Calarasi si cheltuielile efective 01 ianuarie 2022 Situatia economico-financiara IMSP SR Calarasi 01 octombrie 2021 Statele de personal IMSP SR Calarasi si cheltuielile efective 01 octombrie 2021 Situatia [&hellip;]<\/p>\n","protected":false},"author":2,"featured_media":0,"parent":0,"menu_order":0,"comment_status":"closed","ping_status":"closed","template":"","meta":{"footnotes":""},"class_list":["post-21","page","type-page","status-publish","hentry"],"_links":{"self":[{"href":"http:\/\/srcalarasi.md\/index.php?rest_route=\/wp\/v2\/pages\/21","targetHints":{"allow":["GET"]}}],"collection":[{"href":"http:\/\/srcalarasi.md\/index.php?rest_route=\/wp\/v2\/pages"}],"about":[{"href":"http:\/\/srcalarasi.md\/index.php?rest_route=\/wp\/v2\/types\/page"}],"author":[{"embeddable":true,"href":"http:\/\/srcalarasi.md\/index.php?rest_route=\/wp\/v2\/users\/2"}],"replies":[{"embeddable":true,"href":"http:\/\/srcalarasi.md\/index.php?rest_route=%2Fwp%2Fv2%2Fcomments&post=21"}],"version-history":[{"count":18,"href":"http:\/\/srcalarasi.md\/index.php?rest_route=\/wp\/v2\/pages\/21\/revisions"}],"predecessor-version":[{"id":872,"href":"http:\/\/srcalarasi.md\/index.php?rest_route=\/wp\/v2\/pages\/21\/revisions\/872"}],"wp:attachment":[{"href":"http:\/\/srcalarasi.md\/index.php?rest_route=%2Fwp%2Fv2%2Fmedia&parent=21"}],"curies":[{"name":"wp","href":"https:\/\/api.w.org\/{rel}","templated":true}]}}