{"id":33,"date":"2019-04-18T09:28:52","date_gmt":"2019-04-18T09:28:52","guid":{"rendered":"http:\/\/srcalarasi.md\/?page_id=33"},"modified":"2026-01-28T11:26:48","modified_gmt":"2026-01-28T09:26:48","slug":"contacte","status":"publish","type":"page","link":"http:\/\/srcalarasi.md\/?page_id=33","title":{"rendered":"Contacte"},"content":{"rendered":"\r\n<p style=\"text-align: center;\">Institu\u0163ia Medico-Sanitar\u0103 Public\u0103 Spitalul Raional C\u0103l\u0103ra\u015fi<\/p>\r\n\r\n\r\n\r\n<p style=\"text-align: center;\">Republica Moldova, or. C\u0103l\u0103ra\u015fi, str. Testemi\u0163anu, 59.<\/p>\r\n\r\n\r\n\r\n<p style=\"text-align: center;\">Anticamera tel.: 0244-2-24-48,\u00a0fax: 0244-2-24-48<\/p>\r\n\r\n\r\n\r\n<p style=\"text-align: center;\">e-mail: srcalarasi@ms.md<\/p>\r\n\r\n\r\n\r\n<table class=\"wp-block-table aligncenter\">\r\n<tbody>\r\n<tr>\r\n<td>ADMINISTRA\u0162IA<\/td>\r\n<\/tr>\r\n<tr>\r\n<td>Director<\/td>\r\n<td>Veveri\u0163\u0103 Ion<\/td>\r\n<td>0-244-2-27-80<\/td>\r\n<\/tr>\r\n<tr>\r\n<td>Vice &#8211; director<\/td>\r\n<td>Triboi Irina<\/td>\r\n<td>0-244-2-24-48<\/td>\r\n<\/tr>\r\n<tr>\r\n<td>SERVICIUL ECONOMIC<\/td>\r\n<\/tr>\r\n<tr>\r\n<td>\u015eeful serviciului economic<\/td>\r\n<td>Iosip Ana<\/td>\r\n<td>0-244-2-31-09<\/td>\r\n<\/tr>\r\n<tr>\r\n<td>Contabil &#8211; \u015fef<\/td>\r\n<td>Popa Svetlana<\/td>\r\n<td>0-244-2-31-61<\/td>\r\n<\/tr>\r\n<tr>\r\n<td>Contabilitate<\/td>\r\n<td>Contabili<\/td>\r\n<td>0-244-9-38-23<\/td>\r\n<\/tr>\r\n<tr>\r\n<td>SERVICIUL RESURSE UMANE<\/td>\r\n<\/tr>\r\n<tr>\r\n<td>\u015eef sec\u0163ie<\/td>\r\n<td>Tulbu Violeta<\/td>\r\n<td>0-244-2-11-35<\/td>\r\n<\/tr>\r\n<tr>\r\n<td>Jurist<\/td>\r\n<td>Bada\u015fc\u0103 Gheorghe<\/td>\r\n<td>0-244-2-11-35<\/td>\r\n<\/tr>\r\n<tr>\r\n<td>SEC\u0162IA INFORMATIC\u0102 \u015eI STATISTIC\u0102 MEDICAL\u0102<\/td>\r\n<\/tr>\r\n<tr>\r\n<td>\u015eef sec\u0163ie<\/td>\r\n<td>Coban Ludmila<\/td>\r\n<td>0-244-2-16-86<\/td>\r\n<\/tr>\r\n<tr>\r\n<td>Metodist<\/td>\r\n<td>&#8211;<\/td>\r\n<td>0-244-2-16-86<\/td>\r\n<\/tr>\r\n<tr>\r\n<td>SEC\u0162IA CONSULTATIV\u0102<\/td>\r\n<\/tr>\r\n<tr>\r\n<td>\u015eef sec\u0163ie<\/td>\r\n<td>Machidon Viorica<\/td>\r\n<td>0-244-2-18-80<\/td>\r\n<\/tr>\r\n<tr>\r\n<td>As. med. superioar\u0103<\/td>\r\n<td>Murug Silvia<\/td>\r\n<td>0-244-2-15-86<\/td>\r\n<\/tr>\r\n<tr>\r\n<td>Camera de gard\u0103<\/td>\r\n<\/tr>\r\n<tr>\r\n<td>Post<\/td>\r\n<td>\u00a0<\/td>\r\n<td>0-244-2-27-08<\/td>\r\n<\/tr>\r\n<tr>\r\n<td>As. med.<\/td>\r\n<td>\u00a0<\/td>\r\n<td>0-244-2-27-08<\/td>\r\n<\/tr>\r\n<tr>\r\n<td>SEC\u0162IA TERAPIE<\/td>\r\n<\/tr>\r\n<tr>\r\n<td>\u015eef sec\u0163ie<\/td>\r\n<td>Cu\u015fnir Irina<\/td>\r\n<td>0-244-2-35-42<\/td>\r\n<\/tr>\r\n<tr>\r\n<td>As. med. superioar\u0103<\/td>\r\n<td>Bada\u015fc\u0103 Tatiana<\/td>\r\n<td>0-244-2-35-42<\/td>\r\n<\/tr>\r\n<tr>\r\n<td>SEC\u0162IA \u00eeNGRIJIRI CRONICE<\/td>\r\n<\/tr>\r\n<tr>\r\n<td>\u015eef sec\u0163ie<\/td>\r\n<td>Lungu Margareta<\/td>\r\n<td>0-244-2-32-86<\/td>\r\n<\/tr>\r\n<tr>\r\n<td>As. med. superioar\u0103<\/td>\r\n<td>Badia Ala<\/td>\r\n<td>0-244-2-32-86<\/td>\r\n<\/tr>\r\n<tr>\r\n<td>SEC\u0162IA CHIRURGIE<\/td>\r\n<\/tr>\r\n<tr>\r\n<td>\u015eef sec\u0163ie<\/td>\r\n<td>Cu\u015fnir Mihail<\/td>\r\n<td>0-244-2-03-30<\/td>\r\n<\/tr>\r\n<tr>\r\n<td>As. med. superioar\u0103<\/td>\r\n<td>Ciubeic\u0103 Zinaida<\/td>\r\n<td>0-244-2-03-30<\/td>\r\n<\/tr>\r\n<tr>\r\n<td>SEC\u0162IA PEDIATRIE<\/td>\r\n<\/tr>\r\n<tr>\r\n<td>\u015eef sec\u0163ie<\/td>\r\n<td>Triboi Vitalie<\/td>\r\n<td>0-244-2-34-73<\/td>\r\n<\/tr>\r\n<tr>\r\n<td>As. med. superioar\u0103<\/td>\r\n<td>Co\u015fpormac Olesea<\/td>\r\n<td>0-244-2-34-73<\/td>\r\n<\/tr>\r\n<tr>\r\n<td>SEC\u0162IA OBSTETRIC\u0102 \u015eI GINECOLOGIE<\/td>\r\n<\/tr>\r\n<tr>\r\n<td>\u015eef sec\u0163ie<\/td>\r\n<td>Stratan Valentina<\/td>\r\n<td>0-244-2-21-81<\/td>\r\n<\/tr>\r\n<tr>\r\n<td>As. med. superioar\u0103<\/td>\r\n<td>Leiciu Maia<\/td>\r\n<td>0-244-2-21-81<\/td>\r\n<\/tr>\r\n<tr>\r\n<td>SEC\u0162IA BOLI INFEC\u0162IOASE<\/td>\r\n<\/tr>\r\n<tr>\r\n<td>\u015eef sec\u0163ie<\/td>\r\n<td>Caterev Lidia<\/td>\r\n<td>0-244-2-16-04<\/td>\r\n<\/tr>\r\n<tr>\r\n<td>As. med. superioar\u0103<\/td>\r\n<td>Stratulat Ludmila<\/td>\r\n<td>0-244-2-16-04<\/td>\r\n<\/tr>\r\n<tr>\r\n<td>SEC\u0162IA ATI<\/td>\r\n<\/tr>\r\n<tr>\r\n<td>\u015eef sec\u0163ie<\/td>\r\n<td>P\u0103litu Vladimir<\/td>\r\n<td>0-244-2-38-64<\/td>\r\n<\/tr>\r\n<tr>\r\n<td>As. med. superioar\u0103<\/td>\r\n<td>Agapov Aliona<\/td>\r\n<td>0-244-2-38-64<\/td>\r\n<\/tr>\r\n<\/tbody>\r\n<\/table>\r\n","protected":false},"excerpt":{"rendered":"<p>Institu\u0163ia Medico-Sanitar\u0103 Public\u0103 Spitalul Raional C\u0103l\u0103ra\u015fi Republica Moldova, or. C\u0103l\u0103ra\u015fi, str. Testemi\u0163anu, 59. Anticamera tel.: 0244-2-24-48,\u00a0fax: 0244-2-24-48 e-mail: srcalarasi@ms.md ADMINISTRA\u0162IA Director Veveri\u0163\u0103 Ion 0-244-2-27-80 Vice &#8211; director Triboi Irina 0-244-2-24-48 SERVICIUL ECONOMIC \u015eeful serviciului economic Iosip Ana 0-244-2-31-09 Contabil &#8211; \u015fef Popa Svetlana 0-244-2-31-61 Contabilitate Contabili 0-244-9-38-23 SERVICIUL RESURSE UMANE \u015eef sec\u0163ie Tulbu Violeta 0-244-2-11-35 [&hellip;]<\/p>\n","protected":false},"author":2,"featured_media":0,"parent":0,"menu_order":0,"comment_status":"closed","ping_status":"closed","template":"","meta":{"footnotes":""},"class_list":["post-33","page","type-page","status-publish","hentry"],"_links":{"self":[{"href":"http:\/\/srcalarasi.md\/index.php?rest_route=\/wp\/v2\/pages\/33","targetHints":{"allow":["GET"]}}],"collection":[{"href":"http:\/\/srcalarasi.md\/index.php?rest_route=\/wp\/v2\/pages"}],"about":[{"href":"http:\/\/srcalarasi.md\/index.php?rest_route=\/wp\/v2\/types\/page"}],"author":[{"embeddable":true,"href":"http:\/\/srcalarasi.md\/index.php?rest_route=\/wp\/v2\/users\/2"}],"replies":[{"embeddable":true,"href":"http:\/\/srcalarasi.md\/index.php?rest_route=%2Fwp%2Fv2%2Fcomments&post=33"}],"version-history":[{"count":15,"href":"http:\/\/srcalarasi.md\/index.php?rest_route=\/wp\/v2\/pages\/33\/revisions"}],"predecessor-version":[{"id":1090,"href":"http:\/\/srcalarasi.md\/index.php?rest_route=\/wp\/v2\/pages\/33\/revisions\/1090"}],"wp:attachment":[{"href":"http:\/\/srcalarasi.md\/index.php?rest_route=%2Fwp%2Fv2%2Fmedia&parent=33"}],"curies":[{"name":"wp","href":"https:\/\/api.w.org\/{rel}","templated":true}]}}