{"id":37,"date":"2019-04-18T09:29:48","date_gmt":"2019-04-18T09:29:48","guid":{"rendered":"http:\/\/srcalarasi.md\/?page_id=37"},"modified":"2026-02-02T20:57:29","modified_gmt":"2026-02-02T18:57:29","slug":"sectia-pediatrie","status":"publish","type":"page","link":"http:\/\/srcalarasi.md\/?page_id=37","title":{"rendered":"Sec\u021bia pediatrie"},"content":{"rendered":"<p>Sec\u021bia de pediatrie a IMSP SR C\u0103l\u0103ra\u015fi este destinat\u0103 prest\u0103rii serviciilor medicale copiilor 0 &#8211; 18 ani care se interneaz\u0103 de urgen\u021b\u0103 sau planificat cu afec\u021biuni acute \u0219i cronice.<\/p>\n<p>Misiunea sec\u0163iei este de a oferi asisten\u021b\u0103 medical\u0103 de \u00eenalt\u0103 calitate copiilor, pun\u00e2nd accent pe diagnosticarea, tratamentul \u0219i prevenirea afec\u021biunilor pediatrice.<\/p>\n<p>Sec\u0163ia \u00ee\u0219i propune s\u0103 creeze un mediu sigur \u0219i prietenos pentru copii, s\u0103 promoveze inova\u021bia\u00a0 \u00een \u00eengrijirea medical\u0103 \u0219i s\u0103 ofere fiec\u0103rui copil acces la \u00eengrijire medical\u0103 de calitate, \u00eentr-un mediu sigur \u0219i prietenos, unde s\u0103n\u0103tatea \u0219i bun\u0103starea celor mici sunt \u00eentotdeauna prioritare.<\/p>\n<p>Scopul final este asigurarea unui standard ridicat de s\u0103n\u0103tate \u0219i bun\u0103stare pentru to\u021bi pacien\u021bii pediatri.<\/p>\n<p>Pentru asigurarea asisten\u021bei medicale copiilor, sec\u021bia dispune de 20 paturi.<\/p>\n<p>Echipa medical\u0103 a sec\u021biei este condus\u0103 de <strong>\u0219eful sec\u021biei Vitalie Triboi\u00a0\u0219i asistenta medical\u0103 superioar\u0103\u00a0Olesea Co\u015fpormac.<\/strong><\/p>\n","protected":false},"excerpt":{"rendered":"<p>Sec\u021bia de pediatrie a IMSP SR C\u0103l\u0103ra\u015fi este destinat\u0103 prest\u0103rii serviciilor medicale copiilor 0 &#8211; 18 ani care se interneaz\u0103 de urgen\u021b\u0103 sau planificat cu afec\u021biuni acute \u0219i cronice. Misiunea sec\u0163iei este de a oferi asisten\u021b\u0103 medical\u0103 de \u00eenalt\u0103 calitate copiilor, pun\u00e2nd accent pe diagnosticarea, tratamentul \u0219i prevenirea afec\u021biunilor pediatrice. Sec\u0163ia \u00ee\u0219i propune s\u0103 creeze [&hellip;]<\/p>\n","protected":false},"author":2,"featured_media":0,"parent":0,"menu_order":0,"comment_status":"closed","ping_status":"closed","template":"","meta":{"footnotes":""},"class_list":["post-37","page","type-page","status-publish","hentry"],"_links":{"self":[{"href":"http:\/\/srcalarasi.md\/index.php?rest_route=\/wp\/v2\/pages\/37","targetHints":{"allow":["GET"]}}],"collection":[{"href":"http:\/\/srcalarasi.md\/index.php?rest_route=\/wp\/v2\/pages"}],"about":[{"href":"http:\/\/srcalarasi.md\/index.php?rest_route=\/wp\/v2\/types\/page"}],"author":[{"embeddable":true,"href":"http:\/\/srcalarasi.md\/index.php?rest_route=\/wp\/v2\/users\/2"}],"replies":[{"embeddable":true,"href":"http:\/\/srcalarasi.md\/index.php?rest_route=%2Fwp%2Fv2%2Fcomments&post=37"}],"version-history":[{"count":3,"href":"http:\/\/srcalarasi.md\/index.php?rest_route=\/wp\/v2\/pages\/37\/revisions"}],"predecessor-version":[{"id":1108,"href":"http:\/\/srcalarasi.md\/index.php?rest_route=\/wp\/v2\/pages\/37\/revisions\/1108"}],"wp:attachment":[{"href":"http:\/\/srcalarasi.md\/index.php?rest_route=%2Fwp%2Fv2%2Fmedia&parent=37"}],"curies":[{"name":"wp","href":"https:\/\/api.w.org\/{rel}","templated":true}]}}