{"id":31,"date":"2019-04-18T09:28:38","date_gmt":"2019-04-18T09:28:38","guid":{"rendered":"http:\/\/srcalarasi.md\/?page_id=31"},"modified":"2024-02-21T10:29:25","modified_gmt":"2024-02-21T08:29:25","slug":"consiliul-de-administrare","status":"publish","type":"page","link":"https:\/\/srcalarasi.md\/?page_id=31","title":{"rendered":"Consiliul de administrare"},"content":{"rendered":"\r\n<p>Decizia de constituire:<\/p>\r\n\r\n\r\n\r\n\r\n\r\n<p><a href=\"http:\/\/srcalarasi.md\/wp-content\/uploads\/2024\/02\/CA-ale-IMSP-raionale.pdf\" target=\"_blank\" rel=\"noopener\">Ordinul MS cu privire la componen\u021ba nominala a Consiliilor de Administra\u021bie ale IMSP raionale \u00een care Ministerul S\u0103n\u0103t\u0103\u021bii exercit\u0103 calitatea de fondator<\/a><\/p>\r\n","protected":false},"excerpt":{"rendered":"<p>Decizia de constituire: Ordinul MS cu privire la componen\u021ba nominala a Consiliilor de Administra\u021bie ale IMSP raionale \u00een care Ministerul S\u0103n\u0103t\u0103\u021bii exercit\u0103 calitatea de fondator<\/p>\n","protected":false},"author":2,"featured_media":0,"parent":0,"menu_order":0,"comment_status":"closed","ping_status":"closed","template":"","meta":{"footnotes":""},"class_list":["post-31","page","type-page","status-publish","hentry"],"_links":{"self":[{"href":"https:\/\/srcalarasi.md\/index.php?rest_route=\/wp\/v2\/pages\/31","targetHints":{"allow":["GET"]}}],"collection":[{"href":"https:\/\/srcalarasi.md\/index.php?rest_route=\/wp\/v2\/pages"}],"about":[{"href":"https:\/\/srcalarasi.md\/index.php?rest_route=\/wp\/v2\/types\/page"}],"author":[{"embeddable":true,"href":"https:\/\/srcalarasi.md\/index.php?rest_route=\/wp\/v2\/users\/2"}],"replies":[{"embeddable":true,"href":"https:\/\/srcalarasi.md\/index.php?rest_route=%2Fwp%2Fv2%2Fcomments&post=31"}],"version-history":[{"count":10,"href":"https:\/\/srcalarasi.md\/index.php?rest_route=\/wp\/v2\/pages\/31\/revisions"}],"predecessor-version":[{"id":905,"href":"https:\/\/srcalarasi.md\/index.php?rest_route=\/wp\/v2\/pages\/31\/revisions\/905"}],"wp:attachment":[{"href":"https:\/\/srcalarasi.md\/index.php?rest_route=%2Fwp%2Fv2%2Fmedia&parent=31"}],"curies":[{"name":"wp","href":"https:\/\/api.w.org\/{rel}","templated":true}]}}